{"id":271,"date":"2024-06-21T13:39:32","date_gmt":"2024-06-21T13:39:32","guid":{"rendered":"https:\/\/fondation-rose-croix.ch\/?page_id=271"},"modified":"2026-03-28T19:17:03","modified_gmt":"2026-03-28T18:17:03","slug":"startseite","status":"publish","type":"page","link":"https:\/\/fondation-rose-croix.ch\/de\/","title":{"rendered":"Startseite &#8211; Stiftung Rosenkreuz"},"content":{"rendered":"<h1 style=\"\">Willkommen bei der Stiftung Rosenkreuz<\/h1>\n<p style=\"\">Die Stiftung Rosenkreuz ist eine gemeinn\u00fctzige und konfessionell unabh\u00e4ngige Organisation, die sich der F\u00f6rderung des hermetisch-gnostischen Gedankenguts widmet.<\/p>\n<h2><span style=\"color: var(79f4e);\"><\/span>Erfahren Sie mehr \u00fcber die Stiftung Rosenkreuz<span style=\"color: var(79f4e);\"><\/span><\/h2>\n<p style=\"\">Die Stiftung Rosenkreuz schafft Raum f\u00fcr spirituelle Weisheit in der heutigen Zeit, indem sie Symposien, Vortr\u00e4ge, Ausstellungen, spirituelle Konzerte und Poesieabende veranstaltet.<\/p>\n<p><a href=\"https:\/\/fondation-rose-croix.ch\/de\/freund-freundin-der-stiftung-rosenkreuz\/\"><\/p>\n<h2 style=\"\">Freund\/in der Stiftung<\/h2>\n<p style=\"\">freund\/in der stiftung rosenkreuz werden<\/p>\n<p><\/a><a href=\"https:\/\/fondation-rose-croix.ch\/de\/veranstaltungen\/\"><\/p>\n<h2 style=\"\">Veranstaltungen<\/h2>\n<p style=\"\">Kommende Events<\/p>\n<p><\/a><a href=\"https:\/\/fondation-rose-croix.ch\/de\/stiftung-rosenkreuz\/\"><\/p>\n<h2 style=\"\"><span style=\"--tcb-text-highlight-color: #2ABB61  !important;\"><\/span><span style=\"--tcb-text-highlight-color: transparent  !important;\"><\/span><span style=\"--tcb-text-highlight-color: #2ABB61  !important;\"><\/span><span style=\"--tcb-text-highlight-color: #2ABB61   !important;\"><\/span>Wer sind wir?<\/h2>\n<p style=\"\">\u00fcber die Stiftung Rosenkreuz<\/p>\n<p><\/a><a href=\"https:\/\/fondation-rose-croix.ch\/de\/kontakt\/\"><\/p>\n<h2 style=\"\">Kontakt<\/h2>\n<p style=\"\">Wir freuen uns auf ihre Kontaktaufnahme<\/p>\n<p><\/a><a href=\"https:\/\/fondation-rose-croix.ch\/de\/buchhandlung-pentagramm\/\"><\/p>\n<h2 style=\"\">Buchhandlung<\/h2>\n<p style=\"\">Besuchen Sie die Buchhandlung Pentagramm<\/p>\n<p><\/a><\/p>\n<p style=\"text-align: center;\"><strong>Seien Sie \u00fcber die kommenden Veranstaltungen und Neuigkeiten der Stiftung Rosenkreuz informiert.<\/strong><\/p>\n","protected":false},"excerpt":{"rendered":"<p>Willkommen bei der Stiftung Rosenkreuz Die Stiftung Rosenkreuz ist eine gemeinn\u00fctzige und konfessionell unabh\u00e4ngige Organisation, die sich der F\u00f6rderung des hermetisch-gnostischen Gedankenguts widmet. Erfahren Sie mehr \u00fcber die Stiftung Rosenkreuz Die Stiftung Rosenkreuz schafft Raum f\u00fcr spirituelle Weisheit in der heutigen Zeit, indem sie Symposien, Vortr\u00e4ge, Ausstellungen, spirituelle Konzerte und Poesieabende veranstaltet. Freund\/in der Stiftung [&hellip;]<\/p>\n","protected":false},"author":2,"featured_media":0,"parent":0,"menu_order":0,"comment_status":"closed","ping_status":"open","template":"","meta":{"iawp_total_views":1825,"footnotes":""},"class_list":["post-271","page","type-page","status-publish","hentry","post-wrapper","thrv_wrapper"],"yoast_head":"<!-- This site is optimized with the Yoast SEO plugin v27.5 - https:\/\/yoast.com\/product\/yoast-seo-wordpress\/ -->\n<title>Startseite - Stiftung Rosenkreuz - Fondation Rose-Croix | Stiftung Rosenkreuz<\/title>\n<meta name=\"description\" content=\"Die Stiftung Rosenkreuz setzt sich f\u00fcr die F\u00f6rderung und Erhaltung des hermetisch \u2013 gnostischen Gedankenguts ein.\" \/>\n<meta name=\"robots\" content=\"index, follow, max-snippet:-1, max-image-preview:large, max-video-preview:-1\" \/>\n<link rel=\"canonical\" href=\"https:\/\/fondation-rose-croix.ch\/de\/\" \/>\n<meta property=\"og:locale\" content=\"de_DE\" \/>\n<meta property=\"og:type\" content=\"article\" \/>\n<meta property=\"og:title\" content=\"Startseite - Stiftung Rosenkreuz - Fondation Rose-Croix | Stiftung Rosenkreuz\" \/>\n<meta property=\"og:description\" content=\"Die Stiftung Rosenkreuz setzt sich f\u00fcr die F\u00f6rderung und Erhaltung des hermetisch \u2013 gnostischen Gedankenguts ein.\" \/>\n<meta property=\"og:url\" content=\"https:\/\/fondation-rose-croix.ch\/de\/\" \/>\n<meta property=\"og:site_name\" content=\"Fondation Rose-Croix | Stiftung Rosenkreuz\" \/>\n<meta property=\"article:modified_time\" content=\"2026-03-28T18:17:03+00:00\" \/>\n<meta name=\"twitter:card\" content=\"summary_large_image\" \/>\n<meta name=\"twitter:label1\" content=\"Gesch\u00e4tzte Lesezeit\" \/>\n\t<meta name=\"twitter:data1\" content=\"1\u00a0Minute\" \/>\n<script type=\"application\/ld+json\" class=\"yoast-schema-graph\">{\"@context\":\"https:\\\/\\\/schema.org\",\"@graph\":[{\"@type\":\"WebPage\",\"@id\":\"https:\\\/\\\/fondation-rose-croix.ch\\\/de\\\/\",\"url\":\"https:\\\/\\\/fondation-rose-croix.ch\\\/de\\\/\",\"name\":\"Startseite - Stiftung Rosenkreuz - Fondation Rose-Croix | Stiftung Rosenkreuz\",\"isPartOf\":{\"@id\":\"https:\\\/\\\/fondation-rose-croix.ch\\\/de\\\/#website\"},\"datePublished\":\"2024-06-21T13:39:32+00:00\",\"dateModified\":\"2026-03-28T18:17:03+00:00\",\"description\":\"Die Stiftung Rosenkreuz setzt sich f\u00fcr die F\u00f6rderung und Erhaltung des hermetisch \u2013 gnostischen Gedankenguts ein.\",\"breadcrumb\":{\"@id\":\"https:\\\/\\\/fondation-rose-croix.ch\\\/de\\\/#breadcrumb\"},\"inLanguage\":\"de\",\"potentialAction\":[{\"@type\":\"ReadAction\",\"target\":[\"https:\\\/\\\/fondation-rose-croix.ch\\\/de\\\/\"]}]},{\"@type\":\"BreadcrumbList\",\"@id\":\"https:\\\/\\\/fondation-rose-croix.ch\\\/de\\\/#breadcrumb\",\"itemListElement\":[{\"@type\":\"ListItem\",\"position\":1,\"name\":\"Home\",\"item\":\"https:\\\/\\\/fondation-rose-croix.ch\\\/de\\\/\"},{\"@type\":\"ListItem\",\"position\":2,\"name\":\"Startseite &#8211; Stiftung Rosenkreuz\"}]},{\"@type\":\"WebSite\",\"@id\":\"https:\\\/\\\/fondation-rose-croix.ch\\\/de\\\/#website\",\"url\":\"https:\\\/\\\/fondation-rose-croix.ch\\\/de\\\/\",\"name\":\"Fondation Rose-Croix | Stiftung Rosenkreuz\",\"description\":\"Fondation Rose-Croix en Suisse \\\/ Stiftung Rosenkreuz in der Schweiz\",\"potentialAction\":[{\"@type\":\"SearchAction\",\"target\":{\"@type\":\"EntryPoint\",\"urlTemplate\":\"https:\\\/\\\/fondation-rose-croix.ch\\\/de\\\/?s={search_term_string}\"},\"query-input\":{\"@type\":\"PropertyValueSpecification\",\"valueRequired\":true,\"valueName\":\"search_term_string\"}}],\"inLanguage\":\"de\"}]}<\/script>\n<!-- \/ Yoast SEO plugin. -->","yoast_head_json":{"title":"Startseite - Stiftung Rosenkreuz - Fondation Rose-Croix | Stiftung Rosenkreuz","description":"Die Stiftung Rosenkreuz setzt sich f\u00fcr die F\u00f6rderung und Erhaltung des hermetisch \u2013 gnostischen Gedankenguts ein.","robots":{"index":"index","follow":"follow","max-snippet":"max-snippet:-1","max-image-preview":"max-image-preview:large","max-video-preview":"max-video-preview:-1"},"canonical":"https:\/\/fondation-rose-croix.ch\/de\/","og_locale":"de_DE","og_type":"article","og_title":"Startseite - Stiftung Rosenkreuz - Fondation Rose-Croix | Stiftung Rosenkreuz","og_description":"Die Stiftung Rosenkreuz setzt sich f\u00fcr die F\u00f6rderung und Erhaltung des hermetisch \u2013 gnostischen Gedankenguts ein.","og_url":"https:\/\/fondation-rose-croix.ch\/de\/","og_site_name":"Fondation Rose-Croix | Stiftung Rosenkreuz","article_modified_time":"2026-03-28T18:17:03+00:00","twitter_card":"summary_large_image","twitter_misc":{"Gesch\u00e4tzte Lesezeit":"1\u00a0Minute"},"schema":{"@context":"https:\/\/schema.org","@graph":[{"@type":"WebPage","@id":"https:\/\/fondation-rose-croix.ch\/de\/","url":"https:\/\/fondation-rose-croix.ch\/de\/","name":"Startseite - Stiftung Rosenkreuz - Fondation Rose-Croix | Stiftung Rosenkreuz","isPartOf":{"@id":"https:\/\/fondation-rose-croix.ch\/de\/#website"},"datePublished":"2024-06-21T13:39:32+00:00","dateModified":"2026-03-28T18:17:03+00:00","description":"Die Stiftung Rosenkreuz setzt sich f\u00fcr die F\u00f6rderung und Erhaltung des hermetisch \u2013 gnostischen Gedankenguts ein.","breadcrumb":{"@id":"https:\/\/fondation-rose-croix.ch\/de\/#breadcrumb"},"inLanguage":"de","potentialAction":[{"@type":"ReadAction","target":["https:\/\/fondation-rose-croix.ch\/de\/"]}]},{"@type":"BreadcrumbList","@id":"https:\/\/fondation-rose-croix.ch\/de\/#breadcrumb","itemListElement":[{"@type":"ListItem","position":1,"name":"Home","item":"https:\/\/fondation-rose-croix.ch\/de\/"},{"@type":"ListItem","position":2,"name":"Startseite &#8211; Stiftung Rosenkreuz"}]},{"@type":"WebSite","@id":"https:\/\/fondation-rose-croix.ch\/de\/#website","url":"https:\/\/fondation-rose-croix.ch\/de\/","name":"Fondation Rose-Croix | Stiftung Rosenkreuz","description":"Fondation Rose-Croix en Suisse \/ Stiftung Rosenkreuz in der Schweiz","potentialAction":[{"@type":"SearchAction","target":{"@type":"EntryPoint","urlTemplate":"https:\/\/fondation-rose-croix.ch\/de\/?s={search_term_string}"},"query-input":{"@type":"PropertyValueSpecification","valueRequired":true,"valueName":"search_term_string"}}],"inLanguage":"de"}]}},"_links":{"self":[{"href":"https:\/\/fondation-rose-croix.ch\/de\/wp-json\/wp\/v2\/pages\/271","targetHints":{"allow":["GET"]}}],"collection":[{"href":"https:\/\/fondation-rose-croix.ch\/de\/wp-json\/wp\/v2\/pages"}],"about":[{"href":"https:\/\/fondation-rose-croix.ch\/de\/wp-json\/wp\/v2\/types\/page"}],"author":[{"embeddable":true,"href":"https:\/\/fondation-rose-croix.ch\/de\/wp-json\/wp\/v2\/users\/2"}],"replies":[{"embeddable":true,"href":"https:\/\/fondation-rose-croix.ch\/de\/wp-json\/wp\/v2\/comments?post=271"}],"version-history":[{"count":60,"href":"https:\/\/fondation-rose-croix.ch\/de\/wp-json\/wp\/v2\/pages\/271\/revisions"}],"predecessor-version":[{"id":1836,"href":"https:\/\/fondation-rose-croix.ch\/de\/wp-json\/wp\/v2\/pages\/271\/revisions\/1836"}],"wp:attachment":[{"href":"https:\/\/fondation-rose-croix.ch\/de\/wp-json\/wp\/v2\/media?parent=271"}],"curies":[{"name":"wp","href":"https:\/\/api.w.org\/{rel}","templated":true}]}}