{"id":2,"date":"2024-05-26T17:11:40","date_gmt":"2024-05-26T17:11:40","guid":{"rendered":"https:\/\/fondation-rose-croix.ch\/?page_id=2"},"modified":"2025-05-09T07:50:15","modified_gmt":"2025-05-09T06:50:15","slug":"stiftung-rosenkreuz","status":"publish","type":"page","link":"https:\/\/fondation-rose-croix.ch\/de\/stiftung-rosenkreuz\/","title":{"rendered":"Wer sind wir?"},"content":{"rendered":"<h1 style=\"\">Die Stiftung Rosenkreuz<\/h1>\n<p>Die Stiftung Rosenkreuz setzt sich f\u00fcr die F\u00f6rderung und Erhaltung des hermetisch-gnostischen Gedankenguts ein. Seit 2007 bieten wir eine Plattform f\u00fcr Begegnungen, Austausch und Spiritualit\u00e4t.<\/p>\n<p><span style=\"\"><img decoding=\"async\" alt=\"\" data-id=\"509\" width=\"623\" data-init-width=\"750\" height=\"516\" data-init-height=\"622\" title=\"Flammarion Fondation Rose-Croix\" loading=\"lazy\" src=\"https:\/\/fondation-rose-croix.ch\/wp-content\/uploads\/2024\/07\/Flammarion-Fondation-Rose-Croix.png\" data-width=\"623\" data-height=\"516\" style=\"aspect-ratio: auto 750 \/ 622;\" ml-d=\"0\" mt-d=\"0\" center-h-d=\"true\" ml-t=\"0\" mt-t=\"-29.383000000000038\" ml-m=\"-1\" mt-m=\"0\" center-h-t=\"true\" center-v-d=\"false\"><\/span><span style=\"\"><img decoding=\"async\" alt=\"Mann in einer trostlosen Landschaft mit blauem Himmel\" data-id=\"637\" width=\"834\" data-init-width=\"1920\" height=\"556\" data-init-height=\"1280\" title=\"Mann in einer trostlosen Landschaft mit blauem Himmel\" loading=\"lazy\" src=\"https:\/\/fondation-rose-croix.ch\/wp-content\/uploads\/2024\/08\/Mann-in-einer-trostlosen-Landschaft-mit-blauem-Himmel.jpg\" data-width=\"834\" data-height=\"556\" style=\"aspect-ratio: auto 1920 \/ 1280;\" ml-d=\"-75.85000000000002\" mt-d=\"0\" center-h-d=\"false\" ml-t=\"0\" mt-t=\"0\"><\/span><\/p>\n<h2>Wer sind wir?<\/h2>\n<p dir=\"ltr\">Die Stiftung Rosenkreuz setzt sich f\u00fcr die Bewahrung und Weitergabe des Gedankenguts der <a href=\"https:\/\/goldenesrosenkreuz.ch\/\" target=\"_blank\" style=\"outline: none;\" rel=\"noopener\">Rosenkreuzer-Str\u00f6mung<\/a> ein, die auch als hermetische Gnosis bezeichnet werden kann. Es handelt sich um einen inneren spirituellen Weg, der an den Quellen der universellen Weisheit selbst ankn\u00fcpft. Die Stiftung Rosenkreuz ist politisch neutral und keiner Konfession zugeh\u00f6rig. Sie m\u00f6chte die Begegnung aller religi\u00f6sen oder spirituellen Str\u00f6mungen in einem offenen und gleichberechtigten Raum erm\u00f6glichen. <\/p>\n<p><span style=\"\"><img decoding=\"async\" alt=\"\" data-id=\"620\" width=\"933\" data-init-width=\"1920\" height=\"525\" data-init-height=\"1080\" title=\"Sanduhr und Sonnenuntergang\" loading=\"lazy\" src=\"https:\/\/fondation-rose-croix.ch\/wp-content\/uploads\/2024\/08\/Sanduhr-und-Sonnenuntergang.jpg\" data-width=\"933\" data-height=\"525\" style=\"aspect-ratio: auto 1920 \/ 1080;\" ml-d=\"-1\" mt-d=\"0\" center-h-d=\"false\" ml-m=\"0\" mt-m=\"-5.616999999999962\" ml-t=\"0\" mt-t=\"-31\" center-v-t=\"false\"><\/span><\/p>\n<h2 style=\"text-align: left;\">Seit wann gibt es uns?<\/h2>\n<p dir=\"ltr\" style=\"\">Die Stiftung Rosenkreuz wurde am 22. November 2010 in Z\u00fcrich in der Schweiz von der Stiftung des Lectorium Rosicrucianum gegr\u00fcndet. Diese hatte ihr ihren Auftrag sowie die materiellen Mittel zu dessen Erf\u00fcllung gegeben.<\/p>\n<p><span style=\"\"><img decoding=\"async\" alt=\"Offenes Buch mit einer Brille\" data-id=\"616\" width=\"880\" data-init-width=\"1280\" height=\"584\" data-init-height=\"850\" title=\"Offenes Buch mit einer Brille\" loading=\"lazy\" src=\"https:\/\/fondation-rose-croix.ch\/wp-content\/uploads\/2024\/08\/Offenes-Buch-mit-einer-Brille.jpg\" data-width=\"880\" data-height=\"584\" style=\"aspect-ratio: auto 1280 \/ 850;\" ml-d=\"-113.78300000000002\" mt-d=\"0\" center-v-d=\"false\" mt-t=\"0\" ml-t=\"0\" center-v-t=\"false\" mt-m=\"0\" ml-m=\"0\" center-v-m=\"false\" center-h-d=\"false\"><\/span><\/p>\n<h2>Welche Idee leitet die Stiftung?<\/h2>\n<p dir=\"ltr\" style=\"\">Unter gnostischem und hermetischem Gedankengut versteht die Stiftung Rosenkreuz das hohe Wissen \u00fcber Gott und die Geheimnisse des Lebens. Diese universelle Weisheitslehre wurde von gro\u00dfen Pers\u00f6nlichkeiten der Menschheitsgeschichte wie Jesus Christus, Buddha, Hermes Trismegistos oder Krishna eingeleitet und in unserer modernen Zeit von Rudolf Steiner, Max Heindel, Krishnamurti, Helena Blavatsky oder Jan van Rijckenborgh und Catharose de Petri weitergetragen.<\/p>\n<p><span style=\"\"><img decoding=\"async\" alt=\"Stiftung Rosenkreuz mit einem Buchstand\" data-id=\"614\" width=\"910\" data-init-width=\"1600\" height=\"683\" data-init-height=\"1200\" title=\"Stiftung Rosenkreuz mit einem Buchstand\" loading=\"lazy\" src=\"https:\/\/fondation-rose-croix.ch\/wp-content\/uploads\/2024\/08\/Stiftung-Rosenkreuz-mit-einem-Buchstand.jpg\" data-width=\"910\" data-height=\"683\" style=\"aspect-ratio: auto 1600 \/ 1200;\" ml-d=\"-152\" mt-d=\"0\" center-h-d=\"false\" ml-m=\"0\" mt-m=\"0\" ml-t=\"0\" mt-t=\"0\"><\/span><\/p>\n<h2 dir=\"ltr\">Unsere Aktivit\u00e4ten<\/h2>\n<p dir=\"ltr\" style=\"\">Seit vielen Jahren hat die Stiftung Rosenkreuz zahlreiche Symposien und Treffen organisiert, um Wissenschaft, Kunst und Religion in ihrer spirituellen Dimension zu betrachten. Die Stiftung Rosenkreuz hat auch mehrere <a href=\"https:\/\/fondation-rose-croix.ch\/de\/buchhandlung-pentagramm\/\" style=\"outline: none;\" data-lt-tmp-id=\"lt-75203\" spellcheck=\"false\">B\u00fccher<\/a> in Zusammenarbeit mit den in Deutschland und Frankreich ans\u00e4ssigen Stiftungen ver\u00f6ffentlicht. All diese Aktivit\u00e4ten waren nach der Zeit der weltweiten Pandemie pausiert worden.Seit 2024 organisiert die Stiftung Rosenkreuz wieder \u00f6ffentliche <a href=\"https:\/\/fondation-rose-croix.ch\/de\/veranstaltungen\/\" style=\"outline: none;\" data-lt-tmp-id=\"lt-548114\" spellcheck=\"false\">Veranstaltungen<\/a> wie Konferenzen, Ausstellungen, Foren, Konzerte etc. Mit diesen Veranstaltungen bietet die Stiftung Rosenkreuz eine Plattform, um aktuelle Themen anzusprechen und sich mit Rednern aus verschiedenen spirituellen Hintergr\u00fcnden auszutauschen. <\/p>\n<h2 style=\"text-align: center;\">Unsere Grundlage<\/h2>\n<p style=\"font-size: 18px !important;\">Die Stiftung Rosenkreuz st\u00fctzt sich auf heilige Werke aus allen Perioden der Menschheit und allen Zivilisationen, basierend auf innerer Kenntnis des Lebens, welche auch als hermetische Gnosis bezeichnet wird.<\/p>\n<p style=\"font-size: 18px !important;\">Die Stiftung Rosenkreuz ist der Ansicht, dass es eine universelle Weisheit, eine magische und befreiende Lebenskunst sowie einen heiligen inneren Raum in jedem von uns gibt. Diese Weisheit geh\u00f6rt keiner bestimmten Menschengruppe an, sondern ist Teil des spirituellen Erbes. Diese Weisheit kann sowohl im Osten als auch im Westen gefunden werden, sowohl in den urspr\u00fcnglichen Gesellschaften der Vorfahren als auch in Kreisen von Eingeweihten oder Akademikern, wie z. B. in der T\u00fcbinger Rosenkreuz-Bewegung des 17. Jahrhunderts.<\/p>\n<p style=\"font-size: 18px !important;\">Heute erleben wir einerseits eine gewaltige Wissensexplosion und ein verst\u00e4rktes Streben nach Spiritualit\u00e4t, doch andererseits entstehen auf allen Seiten gro\u00dfe Verwirrung. Mehr denn je brauchen wir daher inneres Wissen und das Wissen um den Sinn unserer Existenz, um bewusst und verantwortungsbewusst in der Gegenwart zu leben.<\/p>\n<p style=\"font-size: 18px !important;\">Was das Denken, Verstehen und Handeln der Menschen bislang gepr\u00e4gt hat, scheint sie nun daran zu hindern, diese neue spirituelle Realit\u00e4t zu erreichen. Um die Mauer einzurei\u00dfen, die uns von ihr trennt, ist eine grundlegende Ver\u00e4nderung unseres Bewusstseinszustands erforderlich. Diese Ver\u00e4nderung kann nur im Inneren eines jeden von uns stattfinden.<\/p>\n<p style=\"font-size: 18px !important;\">Die Stiftung Rosenkreuz bietet eine Plattform f\u00fcr Begegnung, Austausch, gegenseitige Bereicherung und Erhebung, um Glauben und Wissen, Kunst und Wissenschaft zu vereinen, um das Bewusstsein und das Engagement jedes Einzelnen f\u00fcr die Transformation seines inneren Wesens zu f\u00f6rdern.<\/p>\n","protected":false},"excerpt":{"rendered":"<p>Die Stiftung Rosenkreuz Die Stiftung Rosenkreuz setzt sich f\u00fcr die F\u00f6rderung und Erhaltung des hermetisch-gnostischen Gedankenguts ein. Seit 2007 bieten wir eine Plattform f\u00fcr Begegnungen, Austausch und Spiritualit\u00e4t. Wer sind wir? Die Stiftung Rosenkreuz setzt sich f\u00fcr die Bewahrung und Weitergabe des Gedankenguts der Rosenkreuzer-Str\u00f6mung ein, die auch als hermetische Gnosis bezeichnet werden kann. Es [&hellip;]<\/p>\n","protected":false},"author":1,"featured_media":0,"parent":0,"menu_order":0,"comment_status":"closed","ping_status":"open","template":"","meta":{"iawp_total_views":1001,"footnotes":""},"class_list":["post-2","page","type-page","status-publish","hentry","post-wrapper","thrv_wrapper"],"yoast_head":"<!-- This site is optimized with the Yoast SEO plugin v27.5 - https:\/\/yoast.com\/product\/yoast-seo-wordpress\/ -->\n<title>Wer sind wir? - Fondation Rose-Croix | Stiftung Rosenkreuz<\/title>\n<meta name=\"description\" content=\"Die Stiftung Rosenkreuz setzt sich f\u00fcr die F\u00f6rderung und Erhaltung des hermetisch \u2013 gnostischen Gedankenguts ein.\" \/>\n<meta name=\"robots\" content=\"index, follow, max-snippet:-1, max-image-preview:large, max-video-preview:-1\" \/>\n<link rel=\"canonical\" href=\"https:\/\/fondation-rose-croix.ch\/de\/stiftung-rosenkreuz\/\" \/>\n<meta property=\"og:locale\" content=\"de_DE\" \/>\n<meta property=\"og:type\" content=\"article\" \/>\n<meta property=\"og:title\" content=\"Wer sind wir? - Fondation Rose-Croix | Stiftung Rosenkreuz\" \/>\n<meta property=\"og:description\" content=\"Die Stiftung Rosenkreuz setzt sich f\u00fcr die F\u00f6rderung und Erhaltung des hermetisch \u2013 gnostischen Gedankenguts ein.\" \/>\n<meta property=\"og:url\" content=\"https:\/\/fondation-rose-croix.ch\/de\/stiftung-rosenkreuz\/\" \/>\n<meta property=\"og:site_name\" content=\"Fondation Rose-Croix | Stiftung Rosenkreuz\" \/>\n<meta property=\"article:modified_time\" content=\"2025-05-09T06:50:15+00:00\" \/>\n<meta property=\"og:image\" content=\"https:\/\/fondation-rose-croix.ch\/wp-content\/uploads\/2024\/07\/Flammarion-Fondation-Rose-Croix.png\" \/>\n<meta name=\"twitter:card\" content=\"summary_large_image\" \/>\n<meta name=\"twitter:label1\" content=\"Gesch\u00e4tzte Lesezeit\" \/>\n\t<meta name=\"twitter:data1\" content=\"5\u00a0Minuten\" \/>\n<script type=\"application\/ld+json\" class=\"yoast-schema-graph\">{\"@context\":\"https:\\\/\\\/schema.org\",\"@graph\":[{\"@type\":\"WebPage\",\"@id\":\"https:\\\/\\\/fondation-rose-croix.ch\\\/de\\\/stiftung-rosenkreuz\\\/\",\"url\":\"https:\\\/\\\/fondation-rose-croix.ch\\\/de\\\/stiftung-rosenkreuz\\\/\",\"name\":\"Wer sind wir? - Fondation Rose-Croix | Stiftung Rosenkreuz\",\"isPartOf\":{\"@id\":\"https:\\\/\\\/fondation-rose-croix.ch\\\/de\\\/#website\"},\"primaryImageOfPage\":{\"@id\":\"https:\\\/\\\/fondation-rose-croix.ch\\\/de\\\/stiftung-rosenkreuz\\\/#primaryimage\"},\"image\":{\"@id\":\"https:\\\/\\\/fondation-rose-croix.ch\\\/de\\\/stiftung-rosenkreuz\\\/#primaryimage\"},\"thumbnailUrl\":\"https:\\\/\\\/fondation-rose-croix.ch\\\/wp-content\\\/uploads\\\/2024\\\/07\\\/Flammarion-Fondation-Rose-Croix.png\",\"datePublished\":\"2024-05-26T17:11:40+00:00\",\"dateModified\":\"2025-05-09T06:50:15+00:00\",\"description\":\"Die Stiftung Rosenkreuz setzt sich f\u00fcr die F\u00f6rderung und Erhaltung des hermetisch \u2013 gnostischen Gedankenguts ein.\",\"breadcrumb\":{\"@id\":\"https:\\\/\\\/fondation-rose-croix.ch\\\/de\\\/stiftung-rosenkreuz\\\/#breadcrumb\"},\"inLanguage\":\"de\",\"potentialAction\":[{\"@type\":\"ReadAction\",\"target\":[\"https:\\\/\\\/fondation-rose-croix.ch\\\/de\\\/stiftung-rosenkreuz\\\/\"]}]},{\"@type\":\"ImageObject\",\"inLanguage\":\"de\",\"@id\":\"https:\\\/\\\/fondation-rose-croix.ch\\\/de\\\/stiftung-rosenkreuz\\\/#primaryimage\",\"url\":\"https:\\\/\\\/fondation-rose-croix.ch\\\/wp-content\\\/uploads\\\/2024\\\/07\\\/Flammarion-Fondation-Rose-Croix.png\",\"contentUrl\":\"https:\\\/\\\/fondation-rose-croix.ch\\\/wp-content\\\/uploads\\\/2024\\\/07\\\/Flammarion-Fondation-Rose-Croix.png\"},{\"@type\":\"BreadcrumbList\",\"@id\":\"https:\\\/\\\/fondation-rose-croix.ch\\\/de\\\/stiftung-rosenkreuz\\\/#breadcrumb\",\"itemListElement\":[{\"@type\":\"ListItem\",\"position\":1,\"name\":\"Home\",\"item\":\"https:\\\/\\\/fondation-rose-croix.ch\\\/de\\\/\"},{\"@type\":\"ListItem\",\"position\":2,\"name\":\"Wer sind wir?\"}]},{\"@type\":\"WebSite\",\"@id\":\"https:\\\/\\\/fondation-rose-croix.ch\\\/de\\\/#website\",\"url\":\"https:\\\/\\\/fondation-rose-croix.ch\\\/de\\\/\",\"name\":\"Fondation Rose-Croix | Stiftung Rosenkreuz\",\"description\":\"Fondation Rose-Croix en Suisse \\\/ Stiftung Rosenkreuz in der Schweiz\",\"potentialAction\":[{\"@type\":\"SearchAction\",\"target\":{\"@type\":\"EntryPoint\",\"urlTemplate\":\"https:\\\/\\\/fondation-rose-croix.ch\\\/de\\\/?s={search_term_string}\"},\"query-input\":{\"@type\":\"PropertyValueSpecification\",\"valueRequired\":true,\"valueName\":\"search_term_string\"}}],\"inLanguage\":\"de\"}]}<\/script>\n<!-- \/ Yoast SEO plugin. -->","yoast_head_json":{"title":"Wer sind wir? - Fondation Rose-Croix | Stiftung Rosenkreuz","description":"Die Stiftung Rosenkreuz setzt sich f\u00fcr die F\u00f6rderung und Erhaltung des hermetisch \u2013 gnostischen Gedankenguts ein.","robots":{"index":"index","follow":"follow","max-snippet":"max-snippet:-1","max-image-preview":"max-image-preview:large","max-video-preview":"max-video-preview:-1"},"canonical":"https:\/\/fondation-rose-croix.ch\/de\/stiftung-rosenkreuz\/","og_locale":"de_DE","og_type":"article","og_title":"Wer sind wir? - Fondation Rose-Croix | Stiftung Rosenkreuz","og_description":"Die Stiftung Rosenkreuz setzt sich f\u00fcr die F\u00f6rderung und Erhaltung des hermetisch \u2013 gnostischen Gedankenguts ein.","og_url":"https:\/\/fondation-rose-croix.ch\/de\/stiftung-rosenkreuz\/","og_site_name":"Fondation Rose-Croix | Stiftung Rosenkreuz","article_modified_time":"2025-05-09T06:50:15+00:00","og_image":[{"url":"https:\/\/fondation-rose-croix.ch\/wp-content\/uploads\/2024\/07\/Flammarion-Fondation-Rose-Croix.png","type":"","width":"","height":""}],"twitter_card":"summary_large_image","twitter_misc":{"Gesch\u00e4tzte Lesezeit":"5\u00a0Minuten"},"schema":{"@context":"https:\/\/schema.org","@graph":[{"@type":"WebPage","@id":"https:\/\/fondation-rose-croix.ch\/de\/stiftung-rosenkreuz\/","url":"https:\/\/fondation-rose-croix.ch\/de\/stiftung-rosenkreuz\/","name":"Wer sind wir? - Fondation Rose-Croix | Stiftung Rosenkreuz","isPartOf":{"@id":"https:\/\/fondation-rose-croix.ch\/de\/#website"},"primaryImageOfPage":{"@id":"https:\/\/fondation-rose-croix.ch\/de\/stiftung-rosenkreuz\/#primaryimage"},"image":{"@id":"https:\/\/fondation-rose-croix.ch\/de\/stiftung-rosenkreuz\/#primaryimage"},"thumbnailUrl":"https:\/\/fondation-rose-croix.ch\/wp-content\/uploads\/2024\/07\/Flammarion-Fondation-Rose-Croix.png","datePublished":"2024-05-26T17:11:40+00:00","dateModified":"2025-05-09T06:50:15+00:00","description":"Die Stiftung Rosenkreuz setzt sich f\u00fcr die F\u00f6rderung und Erhaltung des hermetisch \u2013 gnostischen Gedankenguts ein.","breadcrumb":{"@id":"https:\/\/fondation-rose-croix.ch\/de\/stiftung-rosenkreuz\/#breadcrumb"},"inLanguage":"de","potentialAction":[{"@type":"ReadAction","target":["https:\/\/fondation-rose-croix.ch\/de\/stiftung-rosenkreuz\/"]}]},{"@type":"ImageObject","inLanguage":"de","@id":"https:\/\/fondation-rose-croix.ch\/de\/stiftung-rosenkreuz\/#primaryimage","url":"https:\/\/fondation-rose-croix.ch\/wp-content\/uploads\/2024\/07\/Flammarion-Fondation-Rose-Croix.png","contentUrl":"https:\/\/fondation-rose-croix.ch\/wp-content\/uploads\/2024\/07\/Flammarion-Fondation-Rose-Croix.png"},{"@type":"BreadcrumbList","@id":"https:\/\/fondation-rose-croix.ch\/de\/stiftung-rosenkreuz\/#breadcrumb","itemListElement":[{"@type":"ListItem","position":1,"name":"Home","item":"https:\/\/fondation-rose-croix.ch\/de\/"},{"@type":"ListItem","position":2,"name":"Wer sind wir?"}]},{"@type":"WebSite","@id":"https:\/\/fondation-rose-croix.ch\/de\/#website","url":"https:\/\/fondation-rose-croix.ch\/de\/","name":"Fondation Rose-Croix | Stiftung Rosenkreuz","description":"Fondation Rose-Croix en Suisse \/ Stiftung Rosenkreuz in der Schweiz","potentialAction":[{"@type":"SearchAction","target":{"@type":"EntryPoint","urlTemplate":"https:\/\/fondation-rose-croix.ch\/de\/?s={search_term_string}"},"query-input":{"@type":"PropertyValueSpecification","valueRequired":true,"valueName":"search_term_string"}}],"inLanguage":"de"}]}},"_links":{"self":[{"href":"https:\/\/fondation-rose-croix.ch\/de\/wp-json\/wp\/v2\/pages\/2","targetHints":{"allow":["GET"]}}],"collection":[{"href":"https:\/\/fondation-rose-croix.ch\/de\/wp-json\/wp\/v2\/pages"}],"about":[{"href":"https:\/\/fondation-rose-croix.ch\/de\/wp-json\/wp\/v2\/types\/page"}],"author":[{"embeddable":true,"href":"https:\/\/fondation-rose-croix.ch\/de\/wp-json\/wp\/v2\/users\/1"}],"replies":[{"embeddable":true,"href":"https:\/\/fondation-rose-croix.ch\/de\/wp-json\/wp\/v2\/comments?post=2"}],"version-history":[{"count":120,"href":"https:\/\/fondation-rose-croix.ch\/de\/wp-json\/wp\/v2\/pages\/2\/revisions"}],"predecessor-version":[{"id":917,"href":"https:\/\/fondation-rose-croix.ch\/de\/wp-json\/wp\/v2\/pages\/2\/revisions\/917"}],"wp:attachment":[{"href":"https:\/\/fondation-rose-croix.ch\/de\/wp-json\/wp\/v2\/media?parent=2"}],"curies":[{"name":"wp","href":"https:\/\/api.w.org\/{rel}","templated":true}]}}