{"id":1821,"date":"2026-03-16T16:38:37","date_gmt":"2026-03-16T15:38:37","guid":{"rendered":"https:\/\/fondation-rose-croix.ch\/?page_id=1821"},"modified":"2026-03-24T15:43:00","modified_gmt":"2026-03-24T14:43:00","slug":"freund-freundin-der-stiftung-rosenkreuz","status":"publish","type":"page","link":"https:\/\/fondation-rose-croix.ch\/de\/freund-freundin-der-stiftung-rosenkreuz\/","title":{"rendered":"Freund \/ Freundin der Stiftung Rosenkreuz"},"content":{"rendered":"<p style=\"\"><strong>Freund \/ Freundin der Stiftung Rosenkreuz<\/strong><\/p>\n<p>Die Stiftung Rosenkreuz schafft R\u00e4ume f\u00fcr Begegnung, Inspiration und lebendigen Austausch. In unseren Symposien und Veranstaltungen kommen Menschen zusammen, um \u00fcber wesentliche Fragen des Lebens nachzudenken \u2013 \u00fcber unsere Beziehung zur Welt, zur Natur, zum Kosmos und zum inneren Ursprung des Menschen.<\/p>\n<p>Im Mittelpunkt steht eine innere, spirituelle Betrachtung, die an die Quellen einer universellen Weisheit ankn\u00fcpft.<\/p>\n<p><span><img decoding=\"async\" alt=\"\" data-id=\"1791\" width=\"608\" data-init-width=\"729\" height=\"399\" data-init-height=\"479\" title=\"\" loading=\"lazy\" src=\"https:\/\/fondation-rose-croix.ch\/wp-content\/uploads\/2026\/03\/Freunde-der-Stiftung_iStock.jpg\" data-width=\"608\" data-height=\"399\" style=\"aspect-ratio: auto 729 \/ 479;\"><\/span><\/p>\n<p><strong>Unsere Aktivit\u00e4ten entstehen aus dem Herzen \u2013 aus der Freude am freien Denken und aus der Liebe zur Weisheit<\/strong>.Wir laden Referentinnen und Referenten ein, die diese spirituellen Traditionen lebendig vermitteln und dem urspr\u00fcnglichen Wissen auch in unserer heutigen Zeit einen Platz geben.<\/p>\n<p>Die Organisation dieser Aktivit\u00e4ten ist f\u00fcr die Stiftung nicht nur eine inhaltliche, sondern auch eine finanzielle Herausforderung. Alle Mitarbeitenden engagieren sich ehrenamtlich und erhalten keine Verg\u00fctung.<\/p>\n<p>Wenn Ihnen unsere Arbeit gef\u00e4llt und Sie sie unterst\u00fctzen m\u00f6chten, laden wir Sie herzlich ein, <strong>Freund oder Freundin der Stiftung Rosenkreuz<\/strong> zu werden.<\/p>\n<p style=\"\"><strong>Ihre Vorteile<\/strong><\/p>\n<p>\u2732 20% Rabatt auf den Preis unserer n\u00e4chsten Stiftungs-Wochenenden in Caux\u2732 Informationen \u00fcber unsere Aktivit\u00e4ten (per E-Mail oder Post)\u2732 Sie tragen dazu bei, die Kontinuit\u00e4t der Arbeit der Stiftung zu sichern<\/p>\n<p style=\"\"><strong>Freund \/ Freundin werden<\/strong><\/p>\n<p>Wir bitten um eine j\u00e4hrliche Spende von mindestens <strong>50 CHF<\/strong>.<\/p>\n<p>Mit Ihrer Unterst\u00fctzung helfen Sie mit, dass die Arbeit der Stiftung Rosenkreuz weiterwachsen und Menschen zusammenbringen kann.<\/p>\n<p>Bitte geben Sie bei der Einzahlung Ihren Namen und Ihre Adresse an, damit wir Sie als Freund oder Freundin der Stiftung registrieren k\u00f6nnen.<\/p>\n<p><strong>Stiftung Rosenkreuz<\/strong>Kreuzstrasse 608008 Z\u00fcrich<\/p>\n<p>IBAN: <strong>CH57 0025 5255 1023 3201 A<\/strong>Bank: UBS AG<\/p>\n<p>Herzlichen Dank f\u00fcr Ihre wertvolle Unterst\u00fctzung.<\/p>\n<p><span><img decoding=\"async\" alt=\"\" data-id=\"1792\" width=\"466\" data-init-width=\"1024\" height=\"311\" data-init-height=\"683\" title=\"\" loading=\"lazy\" src=\"https:\/\/fondation-rose-croix.ch\/wp-content\/uploads\/2026\/03\/image.png\" data-width=\"466\" data-height=\"311\" style=\"aspect-ratio: auto 1024 \/ 683;\"><\/span><\/p>\n","protected":false},"excerpt":{"rendered":"<p>Freund \/ Freundin der Stiftung Rosenkreuz Die Stiftung Rosenkreuz schafft R\u00e4ume f\u00fcr Begegnung, Inspiration und lebendigen Austausch. In unseren Symposien und Veranstaltungen kommen Menschen zusammen, um \u00fcber wesentliche Fragen des Lebens nachzudenken \u2013 \u00fcber unsere Beziehung zur Welt, zur Natur, zum Kosmos und zum inneren Ursprung des Menschen. Im Mittelpunkt steht eine innere, spirituelle Betrachtung, [&hellip;]<\/p>\n","protected":false},"author":6,"featured_media":0,"parent":0,"menu_order":0,"comment_status":"closed","ping_status":"open","template":"","meta":{"iawp_total_views":7,"footnotes":""},"class_list":["post-1821","page","type-page","status-publish","hentry","post-wrapper","thrv_wrapper"],"yoast_head":"<!-- This site is optimized with the Yoast SEO plugin v27.4 - https:\/\/yoast.com\/product\/yoast-seo-wordpress\/ -->\n<title>Freund \/ Freundin der Stiftung Rosenkreuz - Fondation Rose-Croix | Stiftung Rosenkreuz<\/title>\n<meta name=\"robots\" content=\"index, follow, max-snippet:-1, max-image-preview:large, max-video-preview:-1\" \/>\n<link rel=\"canonical\" href=\"https:\/\/fondation-rose-croix.ch\/de\/freund-freundin-der-stiftung-rosenkreuz\/\" \/>\n<meta property=\"og:locale\" content=\"de_DE\" \/>\n<meta property=\"og:type\" content=\"article\" \/>\n<meta property=\"og:title\" content=\"Freund \/ Freundin der Stiftung Rosenkreuz - Fondation Rose-Croix | Stiftung Rosenkreuz\" \/>\n<meta property=\"og:description\" content=\"Freund \/ Freundin der Stiftung Rosenkreuz Die Stiftung Rosenkreuz schafft R\u00e4ume f\u00fcr Begegnung, Inspiration und lebendigen Austausch. In unseren Symposien und Veranstaltungen kommen Menschen zusammen, um \u00fcber wesentliche Fragen des Lebens nachzudenken \u2013 \u00fcber unsere Beziehung zur Welt, zur Natur, zum Kosmos und zum inneren Ursprung des Menschen. Im Mittelpunkt steht eine innere, spirituelle Betrachtung, [&hellip;]\" \/>\n<meta property=\"og:url\" content=\"https:\/\/fondation-rose-croix.ch\/de\/freund-freundin-der-stiftung-rosenkreuz\/\" \/>\n<meta property=\"og:site_name\" content=\"Fondation Rose-Croix | Stiftung Rosenkreuz\" \/>\n<meta property=\"article:modified_time\" content=\"2026-03-24T14:43:00+00:00\" \/>\n<meta property=\"og:image\" content=\"https:\/\/fondation-rose-croix.ch\/wp-content\/uploads\/2026\/03\/Freunde-der-Stiftung_iStock.jpg\" \/>\n<meta name=\"twitter:card\" content=\"summary_large_image\" \/>\n<meta name=\"twitter:label1\" content=\"Gesch\u00e4tzte Lesezeit\" \/>\n\t<meta name=\"twitter:data1\" content=\"2\u00a0Minuten\" \/>\n<script type=\"application\/ld+json\" class=\"yoast-schema-graph\">{\"@context\":\"https:\\\/\\\/schema.org\",\"@graph\":[{\"@type\":\"WebPage\",\"@id\":\"https:\\\/\\\/fondation-rose-croix.ch\\\/de\\\/freund-freundin-der-stiftung-rosenkreuz\\\/\",\"url\":\"https:\\\/\\\/fondation-rose-croix.ch\\\/de\\\/freund-freundin-der-stiftung-rosenkreuz\\\/\",\"name\":\"Freund \\\/ Freundin der Stiftung Rosenkreuz - Fondation Rose-Croix | Stiftung Rosenkreuz\",\"isPartOf\":{\"@id\":\"https:\\\/\\\/fondation-rose-croix.ch\\\/de\\\/#website\"},\"primaryImageOfPage\":{\"@id\":\"https:\\\/\\\/fondation-rose-croix.ch\\\/de\\\/freund-freundin-der-stiftung-rosenkreuz\\\/#primaryimage\"},\"image\":{\"@id\":\"https:\\\/\\\/fondation-rose-croix.ch\\\/de\\\/freund-freundin-der-stiftung-rosenkreuz\\\/#primaryimage\"},\"thumbnailUrl\":\"https:\\\/\\\/fondation-rose-croix.ch\\\/wp-content\\\/uploads\\\/2026\\\/03\\\/Freunde-der-Stiftung_iStock.jpg\",\"datePublished\":\"2026-03-16T15:38:37+00:00\",\"dateModified\":\"2026-03-24T14:43:00+00:00\",\"breadcrumb\":{\"@id\":\"https:\\\/\\\/fondation-rose-croix.ch\\\/de\\\/freund-freundin-der-stiftung-rosenkreuz\\\/#breadcrumb\"},\"inLanguage\":\"de\",\"potentialAction\":[{\"@type\":\"ReadAction\",\"target\":[\"https:\\\/\\\/fondation-rose-croix.ch\\\/de\\\/freund-freundin-der-stiftung-rosenkreuz\\\/\"]}]},{\"@type\":\"ImageObject\",\"inLanguage\":\"de\",\"@id\":\"https:\\\/\\\/fondation-rose-croix.ch\\\/de\\\/freund-freundin-der-stiftung-rosenkreuz\\\/#primaryimage\",\"url\":\"https:\\\/\\\/fondation-rose-croix.ch\\\/wp-content\\\/uploads\\\/2026\\\/03\\\/Freunde-der-Stiftung_iStock.jpg\",\"contentUrl\":\"https:\\\/\\\/fondation-rose-croix.ch\\\/wp-content\\\/uploads\\\/2026\\\/03\\\/Freunde-der-Stiftung_iStock.jpg\"},{\"@type\":\"BreadcrumbList\",\"@id\":\"https:\\\/\\\/fondation-rose-croix.ch\\\/de\\\/freund-freundin-der-stiftung-rosenkreuz\\\/#breadcrumb\",\"itemListElement\":[{\"@type\":\"ListItem\",\"position\":1,\"name\":\"Home\",\"item\":\"https:\\\/\\\/fondation-rose-croix.ch\\\/de\\\/\"},{\"@type\":\"ListItem\",\"position\":2,\"name\":\"Freund \\\/ Freundin der Stiftung Rosenkreuz\"}]},{\"@type\":\"WebSite\",\"@id\":\"https:\\\/\\\/fondation-rose-croix.ch\\\/de\\\/#website\",\"url\":\"https:\\\/\\\/fondation-rose-croix.ch\\\/de\\\/\",\"name\":\"Fondation Rose-Croix | Stiftung Rosenkreuz\",\"description\":\"Fondation Rose-Croix en Suisse \\\/ Stiftung Rosenkreuz in der Schweiz\",\"potentialAction\":[{\"@type\":\"SearchAction\",\"target\":{\"@type\":\"EntryPoint\",\"urlTemplate\":\"https:\\\/\\\/fondation-rose-croix.ch\\\/de\\\/?s={search_term_string}\"},\"query-input\":{\"@type\":\"PropertyValueSpecification\",\"valueRequired\":true,\"valueName\":\"search_term_string\"}}],\"inLanguage\":\"de\"}]}<\/script>\n<!-- \/ Yoast SEO plugin. -->","yoast_head_json":{"title":"Freund \/ Freundin der Stiftung Rosenkreuz - Fondation Rose-Croix | Stiftung Rosenkreuz","robots":{"index":"index","follow":"follow","max-snippet":"max-snippet:-1","max-image-preview":"max-image-preview:large","max-video-preview":"max-video-preview:-1"},"canonical":"https:\/\/fondation-rose-croix.ch\/de\/freund-freundin-der-stiftung-rosenkreuz\/","og_locale":"de_DE","og_type":"article","og_title":"Freund \/ Freundin der Stiftung Rosenkreuz - Fondation Rose-Croix | Stiftung Rosenkreuz","og_description":"Freund \/ Freundin der Stiftung Rosenkreuz Die Stiftung Rosenkreuz schafft R\u00e4ume f\u00fcr Begegnung, Inspiration und lebendigen Austausch. In unseren Symposien und Veranstaltungen kommen Menschen zusammen, um \u00fcber wesentliche Fragen des Lebens nachzudenken \u2013 \u00fcber unsere Beziehung zur Welt, zur Natur, zum Kosmos und zum inneren Ursprung des Menschen. Im Mittelpunkt steht eine innere, spirituelle Betrachtung, [&hellip;]","og_url":"https:\/\/fondation-rose-croix.ch\/de\/freund-freundin-der-stiftung-rosenkreuz\/","og_site_name":"Fondation Rose-Croix | Stiftung Rosenkreuz","article_modified_time":"2026-03-24T14:43:00+00:00","og_image":[{"url":"https:\/\/fondation-rose-croix.ch\/wp-content\/uploads\/2026\/03\/Freunde-der-Stiftung_iStock.jpg","type":"","width":"","height":""}],"twitter_card":"summary_large_image","twitter_misc":{"Gesch\u00e4tzte Lesezeit":"2\u00a0Minuten"},"schema":{"@context":"https:\/\/schema.org","@graph":[{"@type":"WebPage","@id":"https:\/\/fondation-rose-croix.ch\/de\/freund-freundin-der-stiftung-rosenkreuz\/","url":"https:\/\/fondation-rose-croix.ch\/de\/freund-freundin-der-stiftung-rosenkreuz\/","name":"Freund \/ Freundin der Stiftung Rosenkreuz - Fondation Rose-Croix | Stiftung Rosenkreuz","isPartOf":{"@id":"https:\/\/fondation-rose-croix.ch\/de\/#website"},"primaryImageOfPage":{"@id":"https:\/\/fondation-rose-croix.ch\/de\/freund-freundin-der-stiftung-rosenkreuz\/#primaryimage"},"image":{"@id":"https:\/\/fondation-rose-croix.ch\/de\/freund-freundin-der-stiftung-rosenkreuz\/#primaryimage"},"thumbnailUrl":"https:\/\/fondation-rose-croix.ch\/wp-content\/uploads\/2026\/03\/Freunde-der-Stiftung_iStock.jpg","datePublished":"2026-03-16T15:38:37+00:00","dateModified":"2026-03-24T14:43:00+00:00","breadcrumb":{"@id":"https:\/\/fondation-rose-croix.ch\/de\/freund-freundin-der-stiftung-rosenkreuz\/#breadcrumb"},"inLanguage":"de","potentialAction":[{"@type":"ReadAction","target":["https:\/\/fondation-rose-croix.ch\/de\/freund-freundin-der-stiftung-rosenkreuz\/"]}]},{"@type":"ImageObject","inLanguage":"de","@id":"https:\/\/fondation-rose-croix.ch\/de\/freund-freundin-der-stiftung-rosenkreuz\/#primaryimage","url":"https:\/\/fondation-rose-croix.ch\/wp-content\/uploads\/2026\/03\/Freunde-der-Stiftung_iStock.jpg","contentUrl":"https:\/\/fondation-rose-croix.ch\/wp-content\/uploads\/2026\/03\/Freunde-der-Stiftung_iStock.jpg"},{"@type":"BreadcrumbList","@id":"https:\/\/fondation-rose-croix.ch\/de\/freund-freundin-der-stiftung-rosenkreuz\/#breadcrumb","itemListElement":[{"@type":"ListItem","position":1,"name":"Home","item":"https:\/\/fondation-rose-croix.ch\/de\/"},{"@type":"ListItem","position":2,"name":"Freund \/ Freundin der Stiftung Rosenkreuz"}]},{"@type":"WebSite","@id":"https:\/\/fondation-rose-croix.ch\/de\/#website","url":"https:\/\/fondation-rose-croix.ch\/de\/","name":"Fondation Rose-Croix | Stiftung Rosenkreuz","description":"Fondation Rose-Croix en Suisse \/ Stiftung Rosenkreuz in der Schweiz","potentialAction":[{"@type":"SearchAction","target":{"@type":"EntryPoint","urlTemplate":"https:\/\/fondation-rose-croix.ch\/de\/?s={search_term_string}"},"query-input":{"@type":"PropertyValueSpecification","valueRequired":true,"valueName":"search_term_string"}}],"inLanguage":"de"}]}},"_links":{"self":[{"href":"https:\/\/fondation-rose-croix.ch\/de\/wp-json\/wp\/v2\/pages\/1821","targetHints":{"allow":["GET"]}}],"collection":[{"href":"https:\/\/fondation-rose-croix.ch\/de\/wp-json\/wp\/v2\/pages"}],"about":[{"href":"https:\/\/fondation-rose-croix.ch\/de\/wp-json\/wp\/v2\/types\/page"}],"author":[{"embeddable":true,"href":"https:\/\/fondation-rose-croix.ch\/de\/wp-json\/wp\/v2\/users\/6"}],"replies":[{"embeddable":true,"href":"https:\/\/fondation-rose-croix.ch\/de\/wp-json\/wp\/v2\/comments?post=1821"}],"version-history":[{"count":5,"href":"https:\/\/fondation-rose-croix.ch\/de\/wp-json\/wp\/v2\/pages\/1821\/revisions"}],"predecessor-version":[{"id":1833,"href":"https:\/\/fondation-rose-croix.ch\/de\/wp-json\/wp\/v2\/pages\/1821\/revisions\/1833"}],"wp:attachment":[{"href":"https:\/\/fondation-rose-croix.ch\/de\/wp-json\/wp\/v2\/media?parent=1821"}],"curies":[{"name":"wp","href":"https:\/\/api.w.org\/{rel}","templated":true}]}}